{"id":546,"date":"2020-12-29T18:51:18","date_gmt":"2020-12-29T17:51:18","guid":{"rendered":"https:\/\/www.associazionechiaramelle.it\/cm\/?page_id=546"},"modified":"2021-01-06T11:08:30","modified_gmt":"2021-01-06T10:08:30","slug":"biografia","status":"publish","type":"page","link":"https:\/\/www.associazionechiaramelle.it\/cm\/biografia\/","title":{"rendered":"Biografia"},"content":{"rendered":"\t\t<div data-elementor-type=\"wp-page\" data-elementor-id=\"546\" class=\"elementor elementor-546\">\n\t\t\t\t\t\t<section class=\"elementor-section elementor-top-section elementor-element elementor-element-0717564 ct-section-stretched elementor-section-boxed elementor-section-height-default elementor-section-height-default elementor-invisible\" data-id=\"0717564\" data-element_type=\"section\" data-e-type=\"section\" data-settings=\"{&quot;background_background&quot;:&quot;classic&quot;,&quot;animation&quot;:&quot;fadeIn&quot;}\">\n\t\t\t\t\t\t\t<div class=\"elementor-background-overlay\"><\/div>\n\t\t\t\t\t\t\t<div class=\"elementor-container elementor-column-gap-default\">\n\t\t\t\t\t<div class=\"elementor-column elementor-col-100 elementor-top-column elementor-element elementor-element-fd58751\" data-id=\"fd58751\" data-element_type=\"column\" data-e-type=\"column\">\n\t\t\t<div class=\"elementor-widget-wrap elementor-element-populated\">\n\t\t\t\t\t\t<div class=\"elementor-element elementor-element-be03177 elementor-widget elementor-widget-heading\" data-id=\"be03177\" data-element_type=\"widget\" data-e-type=\"widget\" data-settings=\"{&quot;_animation&quot;:&quot;none&quot;}\" data-widget_type=\"heading.default\">\n\t\t\t\t<div class=\"elementor-widget-container\">\n\t\t\t\t\t<h2 class=\"elementor-heading-title elementor-size-default\">Chiara Melle<\/h2>\t\t\t\t<\/div>\n\t\t\t\t<\/div>\n\t\t\t\t<div class=\"elementor-element elementor-element-b6979a3 elementor-widget elementor-widget-spacer\" data-id=\"b6979a3\" data-element_type=\"widget\" data-e-type=\"widget\" data-widget_type=\"spacer.default\">\n\t\t\t\t<div class=\"elementor-widget-container\">\n\t\t\t\t\t\t\t<div class=\"elementor-spacer\">\n\t\t\t<div class=\"elementor-spacer-inner\"><\/div>\n\t\t<\/div>\n\t\t\t\t\t\t<\/div>\n\t\t\t\t<\/div>\n\t\t\t\t\t<\/div>\n\t\t<\/div>\n\t\t\t\t\t<\/div>\n\t\t<\/section>\n\t\t\t\t<section class=\"elementor-section elementor-top-section elementor-element elementor-element-7171754 elementor-reverse-tablet elementor-reverse-mobile elementor-section-boxed elementor-section-height-default elementor-section-height-default\" data-id=\"7171754\" data-element_type=\"section\" data-e-type=\"section\" data-settings=\"{&quot;background_background&quot;:&quot;slideshow&quot;,&quot;background_slideshow_gallery&quot;:[],&quot;background_slideshow_loop&quot;:&quot;yes&quot;,&quot;background_slideshow_slide_duration&quot;:5000,&quot;background_slideshow_slide_transition&quot;:&quot;fade&quot;,&quot;background_slideshow_transition_duration&quot;:500}\">\n\t\t\t\t\t\t<div class=\"elementor-container elementor-column-gap-no\">\n\t\t\t\t\t<div class=\"elementor-column elementor-col-50 elementor-top-column elementor-element elementor-element-796f318\" data-id=\"796f318\" data-element_type=\"column\" data-e-type=\"column\" data-settings=\"{&quot;background_background&quot;:&quot;classic&quot;}\">\n\t\t\t<div class=\"elementor-widget-wrap elementor-element-populated\">\n\t\t\t\t\t\t<div class=\"elementor-element elementor-element-f489451 elementor-widget elementor-widget-heading\" data-id=\"f489451\" data-element_type=\"widget\" data-e-type=\"widget\" data-widget_type=\"heading.default\">\n\t\t\t\t<div class=\"elementor-widget-container\">\n\t\t\t\t\t<h2 class=\"elementor-heading-title elementor-size-default\">Biografia<\/h2>\t\t\t\t<\/div>\n\t\t\t\t<\/div>\n\t\t\t\t<div class=\"elementor-element elementor-element-f6f41bb elementor-widget elementor-widget-text-editor\" data-id=\"f6f41bb\" data-element_type=\"widget\" data-e-type=\"widget\" data-widget_type=\"text-editor.default\">\n\t\t\t\t<div class=\"elementor-widget-container\">\n\t\t\t\t\t\t\t\t\t<p>Chiara Melle nasce a Mesagne in una caldissima mattina del 5 luglio del 1983, alle cinque del mattino. Trascorre la sua infanzia e la sua adolescenza a Sava, un piccolo paese in provincia di Taranto. Cresce in una grande famiglia unita da solidi affetti, dove respira i valori del rispetto, dell\u2019aiuto reciproco, della tolleranza, della solidariet\u00e0, della condivisione e \u2026soprattutto i valori sottesi alla parola \u201cAmore\u201d. Aperta al dialogo, alla conoscenza, curiosa di scoprire e capire ama, sin da piccolissima, circondarsi di libri di favole, testi scolastici, topolini, storie mitologiche e tutto ci\u00f2 che pu\u00f2 soddisfare la sua innata voglia di stupirsi. Facilmente instaura rapporti positivi sia con i coetanei che con gli adulti e con questi si relaziona utilizzando un linguaggio forbito, poco comune per una bambina della sua tenera et\u00e0. A tre anni frequenta la Scuola materna in via Croce, dove incontra delle maestre meravigliose che con amore l\u2019aiutano a crescere e, sicuramente, contribuiscono a educare la sua giovane mente.<\/p><p>A soli quattro anni e mezzo, Chiara chiede insistentemente ai suoi genitori di frequentare una scuola di danza. Viene iscritta al Centro Danza di Manduria diretto dal maestro rumeno Radu Ciuca, 1\u00b0 ballerino dell\u2019Opera di Cluj, e da sua moglie Edmonda Mazza. In questa scuola Chiara rimane per cinque anni, dal 1988 al 1992, anno in cui il maestro Radu Ciuca parte per Roma. Con la loro partenza, Chiara, comprende di aver perso non solo dei bravissimi maestri di danza ma anche e soprattutto dei \u201cMaestri di vita\u201d.<\/p>\t\t\t\t\t\t\t\t<\/div>\n\t\t\t\t<\/div>\n\t\t\t\t\t<\/div>\n\t\t<\/div>\n\t\t\t\t<div class=\"elementor-column elementor-col-50 elementor-top-column elementor-element elementor-element-b3fec97\" data-id=\"b3fec97\" data-element_type=\"column\" data-e-type=\"column\" data-settings=\"{&quot;background_background&quot;:&quot;classic&quot;}\">\n\t\t\t<div class=\"elementor-widget-wrap elementor-element-populated\">\n\t\t\t\t\t\t<div class=\"elementor-element elementor-element-fee6c72 elementor-widget elementor-widget-image\" data-id=\"fee6c72\" data-element_type=\"widget\" data-e-type=\"widget\" data-widget_type=\"image.default\">\n\t\t\t\t<div class=\"elementor-widget-container\">\n\t\t\t\t\t\t\t\t\t\t\t\t\t\t\t<img fetchpriority=\"high\" decoding=\"async\" width=\"567\" height=\"823\" src=\"https:\/\/www.associazionechiaramelle.it\/cm\/wp-content\/uploads\/2020\/12\/foto_chiara_melle.jpg\" class=\"attachment-large size-large wp-image-549\" alt=\"\" srcset=\"https:\/\/www.associazionechiaramelle.it\/cm\/wp-content\/uploads\/2020\/12\/foto_chiara_melle.jpg 567w, https:\/\/www.associazionechiaramelle.it\/cm\/wp-content\/uploads\/2020\/12\/foto_chiara_melle-207x300.jpg 207w\" sizes=\"(max-width: 567px) 100vw, 567px\" \/>\t\t\t\t\t\t\t\t\t\t\t\t\t\t\t<\/div>\n\t\t\t\t<\/div>\n\t\t\t\t\t<\/div>\n\t\t<\/div>\n\t\t\t\t\t<\/div>\n\t\t<\/section>\n\t\t\t\t<section class=\"elementor-section elementor-top-section elementor-element elementor-element-d2bedc1 elementor-section-boxed elementor-section-height-default elementor-section-height-default\" data-id=\"d2bedc1\" data-element_type=\"section\" data-e-type=\"section\" data-settings=\"{&quot;background_background&quot;:&quot;classic&quot;}\">\n\t\t\t\t\t\t<div class=\"elementor-container elementor-column-gap-default\">\n\t\t\t\t\t<div class=\"elementor-column elementor-col-100 elementor-top-column elementor-element elementor-element-a2814df\" data-id=\"a2814df\" data-element_type=\"column\" data-e-type=\"column\">\n\t\t\t<div class=\"elementor-widget-wrap elementor-element-populated\">\n\t\t\t\t\t\t<div class=\"elementor-element elementor-element-a787a83 elementor-widget elementor-widget-text-editor\" data-id=\"a787a83\" data-element_type=\"widget\" data-e-type=\"widget\" data-widget_type=\"text-editor.default\">\n\t\t\t\t<div class=\"elementor-widget-container\">\n\t\t\t\t\t\t\t\t\t<p>Per la prima volta mostra delle titubanze nel voler continuare a danzare. L\u2019anno successivo si iscrive al Centro Danza Harmony di Sava, e qui ritrova la sua voglia di danzare sotto la vigile e amorevole guida di una dolcissima maestra, Marilina Bianco. Nel frattempo, terminata la scuola materna, Chiara frequenta la scuola elementare \u201cF. Bonsegna\u201d. Sempre pronta, preparata, con la sua innata voglia di comprendere quanto avviene intorno a lei, si impegna nell\u2019affrontare il lavoro scolastico raggiungendo sempre degli ottimi risultati. <br \/><br \/>In questi anni frequenta il gruppo Scout dove sperimenta momenti di vita comunitaria e regole di condivisione e aiuto reciproco. E\u2019 stimolante per lei vivere a contatto con la natura secondo i criteri educativi della responsabilit\u00e0 e dell\u2019autogoverno di questo movimento. <br \/><br \/>La scuola Media \u201cPapa Giovanni XXIII\u201d la vede coinvolta in ogni iniziativa che le viene proposte e Chiara affronta ogni esperienza con allegria e voglia di fare. Al termine di questo primo percorso di studi, non ha difficolt\u00e0 a scegliere la strada da intraprendere. Lei sa bene cosa fare, il suo \u00e8 un desiderio che culla fin da bambina \u201cdiventare giudice dei minori\u201d per poter da grande aiutare i tanti bambini che non conoscono il calore di una famiglia.<br \/><br \/>Si iscrive al liceo Classico \u201cFrancesco de Sanctis\u201d di Manduria. E\u2019 sola, della sua classe nessuno ha scelto quel liceo, ma questo non la scoraggia, vuole perseguire i suoi obiettivi con caparbia forza di volont\u00e0. Gli anni del liceo sono caratterizzati da una notevole competitivit\u00e0 e pervasi da eventi stimolanti che vivacizzano le giornate scolastiche e le rendono indimenticabili.<br \/><br \/>Sono anni molto belli per Chiara che ha la possibilit\u00e0 di fare nuove e significative amicizie che dureranno per sempre. Alla fine del corso di studi, dopo aver conseguito la maturit\u00e0 classica decide di proseguire i suoi studi a Roma. Lascia la sua famiglia, i suoi amici, la scuola di danza e la maestra Marilina per la quale nutre stima e sincero affetto.<br \/><br \/>Nel settembre del 2002, Chiara inizia a frequentare la LUMSA (Libera Universit\u00e0 Maria Santissima Assunta) e si trasferisce a Roma, citt\u00e0 da lei sempre amata. Viene ospitata nello studentato di Suore Svizzere \u201cNostra Signora della Compassione\u201d. L\u2019ambiente le permette di ricreare quel calore familiare e caro a cui \u00e8 abituata e di stringere forti e significative amicizie che l\u2019arricchiscono come persona e la nutrono di affetti veri e sinceri. Viene apprezzata per il suo carattere solare, per la sua maturit\u00e0 e seriet\u00e0 nel portare avanti gli studi, per la sua grande disponibilit\u00e0 ad aiutare chiunque avesse bisogno. Nell\u2019ambiente accademico viene stimata per la sua forte determinazione nel conseguire, anche con sacrificio, ottimi risultati nello studio e nell\u2019aiutare i suoi colleghi. <br \/><br \/>Il 7 novembre 2005 Chiara sostiene una tesi su: \u201c L\u2019adozione in casi particolari e i problemi relativi all\u2019adozione del figlio del coniuge \u201d, e si laurea in Scienze Giuridiche con il massimo dei voti. <br \/>Continua subito il suo percorso di studi, non vuole perdere tempo, vuole raggiungere il suo sogno.<br \/>Supera brillantemente tutti gli esami della laurea specialistica e, mentre lavora alla stesura della sua tesi, qualcuno\u2026 arresta i suoi sogni e la sua vita.<br \/><br \/>Chiara Melle aveva appena 23 anni il 25 febbraio 2007.<br \/><br \/>Il 23 marzo 2007, per la prima volta nella storia della LUMSA, a Chiara viene conferito un attestato alla memoria con la seguente motivazione: <strong>&#8220;Per il brillante esito degli esami da Lei sostenuti, l\u2019entusiasmo da Lei profuso nello studio, con la ricchezza di una personalit\u00e0 vivacemente aperta ad ogni realt\u00e0 bella e vera, con l\u2019auspicio che Ella continui a trasmettere ai suoi compagni e all\u2019intera comunit\u00e0 universitaria, un amore per la vita, capace di comunicare valori di forte impegno umano e cristiano.&#8221;<\/strong><\/p>\t\t\t\t\t\t\t\t<\/div>\n\t\t\t\t<\/div>\n\t\t\t\t<div class=\"elementor-element elementor-element-dddf0b5 elementor-widget elementor-widget-spacer\" data-id=\"dddf0b5\" data-element_type=\"widget\" data-e-type=\"widget\" data-widget_type=\"spacer.default\">\n\t\t\t\t<div class=\"elementor-widget-container\">\n\t\t\t\t\t\t\t<div class=\"elementor-spacer\">\n\t\t\t<div class=\"elementor-spacer-inner\"><\/div>\n\t\t<\/div>\n\t\t\t\t\t\t<\/div>\n\t\t\t\t<\/div>\n\t\t\t\t\t<\/div>\n\t\t<\/div>\n\t\t\t\t\t<\/div>\n\t\t<\/section>\n\t\t\t\t<\/div>\n\t\t","protected":false},"excerpt":{"rendered":"<p>Chiara Melle Biografia Chiara Melle nasce a Mesagne in una caldissima mattina del 5 luglio del 1983, alle cinque del mattino. Trascorre la sua infanzia e la sua adolescenza a Sava, un piccolo paese in provincia di Taranto. Cresce in una grande famiglia unita da solidi affetti, dove respira i valori del rispetto, dell\u2019aiuto reciproco, [&hellip;]<\/p>\n","protected":false},"author":1,"featured_media":0,"parent":0,"menu_order":0,"comment_status":"closed","ping_status":"closed","template":"","meta":{"footnotes":""},"class_list":["post-546","page","type-page","status-publish","hentry"],"blocksy_meta":{"page_title_panel":"","has_hero_section":"disabled","8dde94b88eca81613eaf41e6e63df8f3":"","hero_section":"type-1","hero_elements":[{"id":"custom_title","enabled":true},{"id":"breadcrumbs","enabled":false},{"id":"custom_description","enabled":true,"description_visibility":{"desktop":true,"tablet":true,"mobile":false}},{"id":"custom_meta","enabled":true,"single_meta_elements":{"author":false,"date":false,"categories":false,"comments":false,"updated":false,"tags":false},"page_meta_elements":{"joined":true,"articles_count":true,"comments":true}}],"b57ca4d32122654dfac08b0b6ccf6716":"","hero_alignment1":"left","hero_alignment2":"center","hero_height":"230px","page_title_bg_type":"color","custom_hero_background":{"attachment_id":null},"parallax":{"desktop":false,"tablet":false,"mobile":false},"pageTitleFont":{"family":"Default","variation":"Default","size":{"desktop":"32px","tablet":"30px","mobile":"25px"},"line-height":"1.3","letter-spacing":"CT_CSS_SKIP_RULE","text-transform":"CT_CSS_SKIP_RULE","text-decoration":"CT_CSS_SKIP_RULE"},"pageTitleFontColor":{"default":{"color":"CT_CSS_SKIP_RULEDEFAULT"}},"pageMetaFont":{"family":"Default","variation":"n6","size":{"desktop":"12px","tablet":"12px","mobile":"12px"},"line-height":"1.3","letter-spacing":"CT_CSS_SKIP_RULE","text-transform":"uppercase","text-decoration":"CT_CSS_SKIP_RULE"},"pageMetaFontColor":{"default":{"color":"CT_CSS_SKIP_RULEDEFAULT"},"hover":{"color":"CT_CSS_SKIP_RULEDEFAULT"}},"pageExcerptFont":{"family":"Default","variation":"n5","size":"CT_CSS_SKIP_RULE","line-height":"CT_CSS_SKIP_RULE","letter-spacing":"CT_CSS_SKIP_RULE","text-transform":"CT_CSS_SKIP_RULE","text-decoration":"CT_CSS_SKIP_RULE"},"pageExcerptColor":{"default":{"color":"CT_CSS_SKIP_RULEDEFAULT"}},"breadcrumbsFont":{"family":"Default","variation":"n6","size":"12px","line-height":"CT_CSS_SKIP_RULE","letter-spacing":"CT_CSS_SKIP_RULE","text-transform":"uppercase","text-decoration":"CT_CSS_SKIP_RULE"},"breadcrumbsFontColor":{"default":{"color":"CT_CSS_SKIP_RULEDEFAULT"},"initial":{"color":"CT_CSS_SKIP_RULEDEFAULT"},"hover":{"color":"CT_CSS_SKIP_RULEDEFAULT"}},"pageTitleOverlay":{"default":{"color":"rgba(41, 51, 60, 0.2)"}},"pageTitleBackground":{"background_type":"color","background_pattern":"type-1","background_image":{"attachment_id":null,"x":0,"y":0},"background_repeat":"no-repeat","background_size":"auto","background_attachment":"scroll","patternColor":{"default":{"color":"#e5e7ea"}},"backgroundColor":{"default":{"color":"#EDEFF2"}}},"30bd3d82d44c93ff512d385983934a8d":"","page_structure_type":"default","page_enable_vertical_spacing":"no","918019aae6b81bb57706ceeb2d06236b":"","disable_featured_image":"no","73fc40c930f9a5400d833b8700298f2f":"","d36a9c10c230eaf6c86b3a0408a49909":"","hero_structure":"narrow","9858ffa93290afa8ac31a0a3802db0eb":"","content_style":"inherit","vertical_spacing_source":"custom","content_area_spacing":"none","background":{"background_type":"color","background_pattern":"type-1","background_image":{"attachment_id":null,"x":0,"y":0},"background_repeat":"no-repeat","background_size":"auto","background_attachment":"scroll","patternColor":{"default":{"color":"#e5e7ea"}},"backgroundColor":{"default":{"color":"CT_CSS_SKIP_RULE"}}},"content_background":{"background_type":"color","background_pattern":"type-1","background_image":{"attachment_id":null,"x":0,"y":0},"background_repeat":"no-repeat","background_size":"auto","background_attachment":"scroll","patternColor":{"default":{"color":"#e5e7ea"}},"backgroundColor":{"default":{"color":"#ffffff"}}},"content_boxed_spacing":{"desktop":"40px","tablet":"35px","mobile":"20px"},"content_boxed_radius":{"top":"3px","bottom":"3px","left":"3px","right":"3px","linked":true},"content_boxed_shadow":{"blur":18,"spread":-6,"v_offset":12,"h_offset":0,"inset":false,"enable":true,"color":{"color":"rgba(34, 56, 101, 0.04)"}},"c7e3411feaaade2bd72c8d8c1b2029c1":""},"yoast_head":"<!-- This site is optimized with the Yoast SEO plugin v25.5 - https:\/\/yoast.com\/wordpress\/plugins\/seo\/ -->\r\n<title>Biografia - Associazione Chiara Melle Odv Ets<\/title>\r\n<meta name=\"robots\" content=\"index, follow, max-snippet:-1, max-image-preview:large, max-video-preview:-1\" \/>\r\n<link rel=\"canonical\" href=\"https:\/\/www.associazionechiaramelle.it\/cm\/biografia\/\" \/>\r\n<meta property=\"og:locale\" content=\"it_IT\" \/>\r\n<meta property=\"og:type\" content=\"article\" \/>\r\n<meta property=\"og:title\" content=\"Biografia - Associazione Chiara Melle Odv Ets\" \/>\r\n<meta property=\"og:description\" content=\"Chiara Melle Biografia Chiara Melle nasce a Mesagne in una caldissima mattina del 5 luglio del 1983, alle cinque del mattino. Trascorre la sua infanzia e la sua adolescenza a Sava, un piccolo paese in provincia di Taranto. Cresce in una grande famiglia unita da solidi affetti, dove respira i valori del rispetto, dell\u2019aiuto reciproco, [&hellip;]\" \/>\r\n<meta property=\"og:url\" content=\"https:\/\/www.associazionechiaramelle.it\/cm\/biografia\/\" \/>\r\n<meta property=\"og:site_name\" content=\"Associazione Chiara Melle Odv Ets\" \/>\r\n<meta property=\"article:modified_time\" content=\"2021-01-06T10:08:30+00:00\" \/>\r\n<meta property=\"og:image\" content=\"https:\/\/www.associazionechiaramelle.it\/cm\/wp-content\/uploads\/2020\/12\/foto_chiara_melle.jpg\" \/>\r\n<meta name=\"twitter:card\" content=\"summary_large_image\" \/>\r\n<meta name=\"twitter:label1\" content=\"Tempo di lettura stimato\" \/>\n\t<meta name=\"twitter:data1\" content=\"4 minuti\" \/>\r\n<script type=\"application\/ld+json\" class=\"yoast-schema-graph\">{\"@context\":\"https:\/\/schema.org\",\"@graph\":[{\"@type\":\"WebPage\",\"@id\":\"https:\/\/www.associazionechiaramelle.it\/cm\/biografia\/\",\"url\":\"https:\/\/www.associazionechiaramelle.it\/cm\/biografia\/\",\"name\":\"Biografia - Associazione Chiara Melle Odv Ets\",\"isPartOf\":{\"@id\":\"https:\/\/www.associazionechiaramelle.it\/cm\/#website\"},\"primaryImageOfPage\":{\"@id\":\"https:\/\/www.associazionechiaramelle.it\/cm\/biografia\/#primaryimage\"},\"image\":{\"@id\":\"https:\/\/www.associazionechiaramelle.it\/cm\/biografia\/#primaryimage\"},\"thumbnailUrl\":\"https:\/\/www.associazionechiaramelle.it\/cm\/wp-content\/uploads\/2020\/12\/foto_chiara_melle.jpg\",\"datePublished\":\"2020-12-29T17:51:18+00:00\",\"dateModified\":\"2021-01-06T10:08:30+00:00\",\"breadcrumb\":{\"@id\":\"https:\/\/www.associazionechiaramelle.it\/cm\/biografia\/#breadcrumb\"},\"inLanguage\":\"it-IT\",\"potentialAction\":[{\"@type\":\"ReadAction\",\"target\":[\"https:\/\/www.associazionechiaramelle.it\/cm\/biografia\/\"]}]},{\"@type\":\"ImageObject\",\"inLanguage\":\"it-IT\",\"@id\":\"https:\/\/www.associazionechiaramelle.it\/cm\/biografia\/#primaryimage\",\"url\":\"https:\/\/www.associazionechiaramelle.it\/cm\/wp-content\/uploads\/2020\/12\/foto_chiara_melle.jpg\",\"contentUrl\":\"https:\/\/www.associazionechiaramelle.it\/cm\/wp-content\/uploads\/2020\/12\/foto_chiara_melle.jpg\",\"width\":567,\"height\":823},{\"@type\":\"BreadcrumbList\",\"@id\":\"https:\/\/www.associazionechiaramelle.it\/cm\/biografia\/#breadcrumb\",\"itemListElement\":[{\"@type\":\"ListItem\",\"position\":1,\"name\":\"Home\",\"item\":\"https:\/\/www.associazionechiaramelle.it\/cm\/\"},{\"@type\":\"ListItem\",\"position\":2,\"name\":\"Biografia\"}]},{\"@type\":\"WebSite\",\"@id\":\"https:\/\/www.associazionechiaramelle.it\/cm\/#website\",\"url\":\"https:\/\/www.associazionechiaramelle.it\/cm\/\",\"name\":\"Associazione Chiara Melle Odv Ets\",\"description\":\"\",\"publisher\":{\"@id\":\"https:\/\/www.associazionechiaramelle.it\/cm\/#organization\"},\"potentialAction\":[{\"@type\":\"SearchAction\",\"target\":{\"@type\":\"EntryPoint\",\"urlTemplate\":\"https:\/\/www.associazionechiaramelle.it\/cm\/?s={search_term_string}\"},\"query-input\":{\"@type\":\"PropertyValueSpecification\",\"valueRequired\":true,\"valueName\":\"search_term_string\"}}],\"inLanguage\":\"it-IT\"},{\"@type\":\"Organization\",\"@id\":\"https:\/\/www.associazionechiaramelle.it\/cm\/#organization\",\"name\":\"Associazione Chiara Melle Odv Ets\",\"url\":\"https:\/\/www.associazionechiaramelle.it\/cm\/\",\"logo\":{\"@type\":\"ImageObject\",\"inLanguage\":\"it-IT\",\"@id\":\"https:\/\/www.associazionechiaramelle.it\/cm\/#\/schema\/logo\/image\/\",\"url\":\"https:\/\/www.associazionechiaramelle.it\/cm\/wp-content\/uploads\/2021\/10\/logo_nuova_versione_ottobre_2021.png\",\"contentUrl\":\"https:\/\/www.associazionechiaramelle.it\/cm\/wp-content\/uploads\/2021\/10\/logo_nuova_versione_ottobre_2021.png\",\"width\":2082,\"height\":1099,\"caption\":\"Associazione Chiara Melle Odv Ets\"},\"image\":{\"@id\":\"https:\/\/www.associazionechiaramelle.it\/cm\/#\/schema\/logo\/image\/\"}}]}<\/script>\r\n<!-- \/ Yoast SEO plugin. -->","yoast_head_json":{"title":"Biografia - Associazione Chiara Melle Odv Ets","robots":{"index":"index","follow":"follow","max-snippet":"max-snippet:-1","max-image-preview":"max-image-preview:large","max-video-preview":"max-video-preview:-1"},"canonical":"https:\/\/www.associazionechiaramelle.it\/cm\/biografia\/","og_locale":"it_IT","og_type":"article","og_title":"Biografia - Associazione Chiara Melle Odv Ets","og_description":"Chiara Melle Biografia Chiara Melle nasce a Mesagne in una caldissima mattina del 5 luglio del 1983, alle cinque del mattino. Trascorre la sua infanzia e la sua adolescenza a Sava, un piccolo paese in provincia di Taranto. Cresce in una grande famiglia unita da solidi affetti, dove respira i valori del rispetto, dell\u2019aiuto reciproco, [&hellip;]","og_url":"https:\/\/www.associazionechiaramelle.it\/cm\/biografia\/","og_site_name":"Associazione Chiara Melle Odv Ets","article_modified_time":"2021-01-06T10:08:30+00:00","og_image":[{"url":"https:\/\/www.associazionechiaramelle.it\/cm\/wp-content\/uploads\/2020\/12\/foto_chiara_melle.jpg","type":"","width":"","height":""}],"twitter_card":"summary_large_image","twitter_misc":{"Tempo di lettura stimato":"4 minuti"},"schema":{"@context":"https:\/\/schema.org","@graph":[{"@type":"WebPage","@id":"https:\/\/www.associazionechiaramelle.it\/cm\/biografia\/","url":"https:\/\/www.associazionechiaramelle.it\/cm\/biografia\/","name":"Biografia - Associazione Chiara Melle Odv Ets","isPartOf":{"@id":"https:\/\/www.associazionechiaramelle.it\/cm\/#website"},"primaryImageOfPage":{"@id":"https:\/\/www.associazionechiaramelle.it\/cm\/biografia\/#primaryimage"},"image":{"@id":"https:\/\/www.associazionechiaramelle.it\/cm\/biografia\/#primaryimage"},"thumbnailUrl":"https:\/\/www.associazionechiaramelle.it\/cm\/wp-content\/uploads\/2020\/12\/foto_chiara_melle.jpg","datePublished":"2020-12-29T17:51:18+00:00","dateModified":"2021-01-06T10:08:30+00:00","breadcrumb":{"@id":"https:\/\/www.associazionechiaramelle.it\/cm\/biografia\/#breadcrumb"},"inLanguage":"it-IT","potentialAction":[{"@type":"ReadAction","target":["https:\/\/www.associazionechiaramelle.it\/cm\/biografia\/"]}]},{"@type":"ImageObject","inLanguage":"it-IT","@id":"https:\/\/www.associazionechiaramelle.it\/cm\/biografia\/#primaryimage","url":"https:\/\/www.associazionechiaramelle.it\/cm\/wp-content\/uploads\/2020\/12\/foto_chiara_melle.jpg","contentUrl":"https:\/\/www.associazionechiaramelle.it\/cm\/wp-content\/uploads\/2020\/12\/foto_chiara_melle.jpg","width":567,"height":823},{"@type":"BreadcrumbList","@id":"https:\/\/www.associazionechiaramelle.it\/cm\/biografia\/#breadcrumb","itemListElement":[{"@type":"ListItem","position":1,"name":"Home","item":"https:\/\/www.associazionechiaramelle.it\/cm\/"},{"@type":"ListItem","position":2,"name":"Biografia"}]},{"@type":"WebSite","@id":"https:\/\/www.associazionechiaramelle.it\/cm\/#website","url":"https:\/\/www.associazionechiaramelle.it\/cm\/","name":"Associazione Chiara Melle Odv Ets","description":"","publisher":{"@id":"https:\/\/www.associazionechiaramelle.it\/cm\/#organization"},"potentialAction":[{"@type":"SearchAction","target":{"@type":"EntryPoint","urlTemplate":"https:\/\/www.associazionechiaramelle.it\/cm\/?s={search_term_string}"},"query-input":{"@type":"PropertyValueSpecification","valueRequired":true,"valueName":"search_term_string"}}],"inLanguage":"it-IT"},{"@type":"Organization","@id":"https:\/\/www.associazionechiaramelle.it\/cm\/#organization","name":"Associazione Chiara Melle Odv Ets","url":"https:\/\/www.associazionechiaramelle.it\/cm\/","logo":{"@type":"ImageObject","inLanguage":"it-IT","@id":"https:\/\/www.associazionechiaramelle.it\/cm\/#\/schema\/logo\/image\/","url":"https:\/\/www.associazionechiaramelle.it\/cm\/wp-content\/uploads\/2021\/10\/logo_nuova_versione_ottobre_2021.png","contentUrl":"https:\/\/www.associazionechiaramelle.it\/cm\/wp-content\/uploads\/2021\/10\/logo_nuova_versione_ottobre_2021.png","width":2082,"height":1099,"caption":"Associazione Chiara Melle Odv Ets"},"image":{"@id":"https:\/\/www.associazionechiaramelle.it\/cm\/#\/schema\/logo\/image\/"}}]}},"_links":{"self":[{"href":"https:\/\/www.associazionechiaramelle.it\/cm\/wp-json\/wp\/v2\/pages\/546"}],"collection":[{"href":"https:\/\/www.associazionechiaramelle.it\/cm\/wp-json\/wp\/v2\/pages"}],"about":[{"href":"https:\/\/www.associazionechiaramelle.it\/cm\/wp-json\/wp\/v2\/types\/page"}],"author":[{"embeddable":true,"href":"https:\/\/www.associazionechiaramelle.it\/cm\/wp-json\/wp\/v2\/users\/1"}],"replies":[{"embeddable":true,"href":"https:\/\/www.associazionechiaramelle.it\/cm\/wp-json\/wp\/v2\/comments?post=546"}],"version-history":[{"count":13,"href":"https:\/\/www.associazionechiaramelle.it\/cm\/wp-json\/wp\/v2\/pages\/546\/revisions"}],"predecessor-version":[{"id":1875,"href":"https:\/\/www.associazionechiaramelle.it\/cm\/wp-json\/wp\/v2\/pages\/546\/revisions\/1875"}],"wp:attachment":[{"href":"https:\/\/www.associazionechiaramelle.it\/cm\/wp-json\/wp\/v2\/media?parent=546"}],"curies":[{"name":"wp","href":"https:\/\/api.w.org\/{rel}","templated":true}]}}